{"id":193,"date":"2023-10-26T08:59:09","date_gmt":"2023-10-26T08:59:09","guid":{"rendered":"https:\/\/www.zwemschoolbommetje.nl\/?page_id=193"},"modified":"2023-10-26T09:01:15","modified_gmt":"2023-10-26T09:01:15","slug":"hausordnung","status":"publish","type":"page","link":"https:\/\/www.zwemschoolbommetje.nl\/index.php\/hausordnung\/","title":{"rendered":"Hausordnung"},"content":{"rendered":"\n\n\n\n<p>Hausordnung<br><\/p>\n\n<p>Sicherheits-, Hygiene- und Verhaltensregeln im und um das Schwimmbad dienen dem Wohl Ihres Kindes. Die Einhaltung der Verhaltensregeln sorgt f\u00fcr Spa\u00df f\u00fcr alle. Auch im Interesse der Sicherheit sollten folgende Hausregeln befolgt werden:<\/p><p><br><\/p><p>\u2022 Bitte beachten Sie, dass die Schwimmschule zu Gast im Schwimmbad ist. Anweisungen des Trainers oder des Personals der Einrichtung sind zu befolgen.<\/p><p>\u2022 Das Parken ist nur auf den daf\u00fcr vorgesehenen Parkpl\u00e4tzen gestattet. Halten Sie sich an die \u00f6rtlich geltenden Geschwindigkeitsregeln.<\/p><p>\u2022 Die Kinder k\u00f6nnen sich zehn Minuten vor Beginn des Unterrichts umziehen. F\u00fcnf Minuten vor Unterrichtsbeginn d\u00fcrfen sie das Schwimmbad betreten.<\/p><p>\u2022 Das Schwimmbad darf nur barfu\u00df oder mit Badeschlappen betreten werden. W\u00e4hrend des Abzeichen-Schwimmens stehen blaue Schuhe zur Verf\u00fcgung.<\/p><p>\u2022 Abzeichen-Schwimmen in Venlo: F\u00fcr Kinder, die die Anforderungen f\u00fcr das Abzeichen erf\u00fcllen, ist immer der letzte Sonntag einer Kurskarte in Woche 8 geplant.<\/p><p>\u2022 Aus Sicherheits- und Hygienegr\u00fcnden sind Kinderwagen, Rennen, Glaswaren, Getr\u00e4nke und mitgebrachte Lebensmittel im Schwimmbad nicht gestattet.<\/p><p>\u2022 Bitte lenken Sie die Kinder nicht ab. Geschwister k\u00f6nnen nicht am Schwimmunterricht teilnehmen.<\/p><p><br><\/p><p>Ab- und Krankmeldungen sowie Nachholstunden sollten bitte so bald wie m\u00f6glich telefonisch gemeldet werden unter T: 06-13760009. Bei Nichterreichbarkeit wird immer zur\u00fcckgerufen. Wenn Sie eine gesperrte Nummer haben, senden Sie bitte eine SMS mit Angabe des Namens des Kindes, der Uhrzeit und des Tages, um die Krankmeldung mitzuteilen. Rechtzeitige Abwesenheitsmeldungen geben uns die M\u00f6glichkeit, andere Kinder, die krank waren, f\u00fcr einen Nachholunterricht einzuplanen. Bei zwei Krankmeldungen haben Sie auf jeden Fall Anspruch auf eine Nachholstunde. Sie k\u00f6nnen uns diesbez\u00fcglich telefonisch kontaktieren. In Absprache wird ein geeigneter Nachholtermin festgelegt, und es wird auch nach einer M\u00f6glichkeit f\u00fcr den anderen verpassten Unterricht gesucht. F\u00fcr Abmeldungen aus anderen Gr\u00fcnden als Krankheit wird kein Nachholunterricht angeboten.<\/p>\n\n\n","protected":false},"excerpt":{"rendered":"","protected":false},"author":1,"featured_media":0,"parent":0,"menu_order":0,"comment_status":"closed","ping_status":"closed","template":"","meta":{"pagelayer_contact_templates":[],"_pagelayer_content":"","footnotes":""},"class_list":["post-193","page","type-page","status-publish","hentry"],"_links":{"self":[{"href":"https:\/\/www.zwemschoolbommetje.nl\/index.php\/wp-json\/wp\/v2\/pages\/193","targetHints":{"allow":["GET"]}}],"collection":[{"href":"https:\/\/www.zwemschoolbommetje.nl\/index.php\/wp-json\/wp\/v2\/pages"}],"about":[{"href":"https:\/\/www.zwemschoolbommetje.nl\/index.php\/wp-json\/wp\/v2\/types\/page"}],"author":[{"embeddable":true,"href":"https:\/\/www.zwemschoolbommetje.nl\/index.php\/wp-json\/wp\/v2\/users\/1"}],"replies":[{"embeddable":true,"href":"https:\/\/www.zwemschoolbommetje.nl\/index.php\/wp-json\/wp\/v2\/comments?post=193"}],"version-history":[{"count":2,"href":"https:\/\/www.zwemschoolbommetje.nl\/index.php\/wp-json\/wp\/v2\/pages\/193\/revisions"}],"predecessor-version":[{"id":196,"href":"https:\/\/www.zwemschoolbommetje.nl\/index.php\/wp-json\/wp\/v2\/pages\/193\/revisions\/196"}],"wp:attachment":[{"href":"https:\/\/www.zwemschoolbommetje.nl\/index.php\/wp-json\/wp\/v2\/media?parent=193"}],"curies":[{"name":"wp","href":"https:\/\/api.w.org\/{rel}","templated":true}]}}