{"id":141,"date":"2023-10-25T17:38:41","date_gmt":"2023-10-25T17:38:41","guid":{"rendered":"https:\/\/www.zwemschoolbommetje.nl\/?page_id=141"},"modified":"2026-01-08T19:18:09","modified_gmt":"2026-01-08T19:18:09","slug":"agenda-2","status":"publish","type":"page","link":"https:\/\/www.zwemschoolbommetje.nl\/index.php\/agenda-2\/","title":{"rendered":"Agenda"},"content":{"rendered":"\n\n\n\n\n\n\n<p>Agenda<\/p>\n\n\n\n\n\n\n\n<p><strong>Urlaubsplanung 2026 \u2013 Schwimmunterricht bei Ulingshof, Venlo<\/strong><\/p>\n\n\n\n<p>Um Sie bestm\u00f6glich \u00fcber unsere Planung zu informieren, finden Sie hier eine \u00dcbersicht \u00fcber die Zeiten, in denen 2026 kein Schwimmunterricht stattfindet:<\/p>\n\n\n\n<ul class=\"wp-block-list\">\n<li><strong>Karneval:<\/strong> Kein Schwimmunterricht vom 13. Februar bis 15. Februar (Woche 7).<\/li>\n\n\n\n<li><strong>Sommerferien:<\/strong> Kein Schwimmunterricht von 17. Juli bis 23. August (Woche 29 bis Woche 34).<\/li>\n\n\n\n<li><strong>Weihnachten:<\/strong> Kein Schwimmunterricht in Woche 52.<\/li>\n<\/ul>\n\n\n\n<p><\/p>\n","protected":false},"excerpt":{"rendered":"<p>Urlaubsplanung 2026 \u2013 Schwimmunterricht bei Ulingshof, Venlo Um Sie bestm\u00f6glich \u00fcber unsere Planung zu informieren, finden Sie hier eine \u00dcbersicht \u00fcber die Zeiten, in denen 2026 kein Schwimmunterricht stattfindet:<\/p>\n","protected":false},"author":1,"featured_media":0,"parent":0,"menu_order":0,"comment_status":"closed","ping_status":"closed","template":"","meta":{"pagelayer_contact_templates":[],"_pagelayer_content":"","footnotes":""},"class_list":["post-141","page","type-page","status-publish","hentry"],"_links":{"self":[{"href":"https:\/\/www.zwemschoolbommetje.nl\/index.php\/wp-json\/wp\/v2\/pages\/141","targetHints":{"allow":["GET"]}}],"collection":[{"href":"https:\/\/www.zwemschoolbommetje.nl\/index.php\/wp-json\/wp\/v2\/pages"}],"about":[{"href":"https:\/\/www.zwemschoolbommetje.nl\/index.php\/wp-json\/wp\/v2\/types\/page"}],"author":[{"embeddable":true,"href":"https:\/\/www.zwemschoolbommetje.nl\/index.php\/wp-json\/wp\/v2\/users\/1"}],"replies":[{"embeddable":true,"href":"https:\/\/www.zwemschoolbommetje.nl\/index.php\/wp-json\/wp\/v2\/comments?post=141"}],"version-history":[{"count":7,"href":"https:\/\/www.zwemschoolbommetje.nl\/index.php\/wp-json\/wp\/v2\/pages\/141\/revisions"}],"predecessor-version":[{"id":390,"href":"https:\/\/www.zwemschoolbommetje.nl\/index.php\/wp-json\/wp\/v2\/pages\/141\/revisions\/390"}],"wp:attachment":[{"href":"https:\/\/www.zwemschoolbommetje.nl\/index.php\/wp-json\/wp\/v2\/media?parent=141"}],"curies":[{"name":"wp","href":"https:\/\/api.w.org\/{rel}","templated":true}]}}